{"id":22,"date":"2026-03-26T04:25:26","date_gmt":"2026-03-26T04:25:26","guid":{"rendered":"https:\/\/demo8.thietkewebgiatot.top\/?page_id=22"},"modified":"2026-03-31T02:18:26","modified_gmt":"2026-03-31T02:18:26","slug":"tin-tuc","status":"publish","type":"page","link":"https:\/\/xekhachphudong.com\/index.php\/tin-tuc\/","title":{"rendered":"Tin t\u1ee9c"},"content":{"rendered":"\n\t<section class=\"section blogs hide-for-small\" id=\"section_342386420\">\n\t\t<div class=\"section-bg fill\" >\n\t\t\t\t\t\t\t\t\t\n\t\t\t\n\n\t\t<\/div>\n\n\t\t\n\n\t\t<div class=\"section-content relative\">\n\t\t\t\n<div class=\"row\"  id=\"row-76800831\">\n\n\t<div id=\"col-1639155600\" class=\"col small-12 large-12\"  >\n\t\t\t\t<div class=\"col-inner\"  >\n\t\t\t\n\t\t\t\n<p>Tin t\u1ee9c &amp; \u01afu \u0111\u00e3i<\/p>\n\t\t<\/div>\n\t\t\t\t\t<\/div>\n\n\t\n\n\t<div id=\"col-888520783\" class=\"col medium-6 small-12 large-6\"  >\n\t\t\t\t<div class=\"col-inner\"  >\n\t\t\t\n\t\t\t\n<h1 class=\"text-3xl md:text-4xl font-bold text-gray-900 tracking-tight\">C\u1eadp nh\u1eadt m\u1edbi nh\u1ea5t<\/h1>\n\t\t<\/div>\n\t\t\t\t\t<\/div>\n\n\t\n\n\t<div id=\"col-1486710593\" class=\"col medium-6 small-12 large-6\"  >\n\t\t\t\t<div class=\"col-inner text-right\"  >\n\t\t\t\n\t\t\t\n<a href=\"index.php\/tin-tuc\/\" class=\"button alert is-link lowercase\"  >\n\t\t<span>Xem t\u1ea5t c\u1ea3<\/span>\n\t<\/a>\n\n\t\t<\/div>\n\t\t\t\t\t<\/div>\n\n\t\n\n\t<div id=\"col-586814761\" class=\"col small-12 large-12\"  >\n\t\t\t\t<div class=\"col-inner\"  >\n\t\t\t\n\t\t\t\n\n  \n    <div class=\"row large-columns-3 medium-columns-1 small-columns-1\" >\n  <div class=\"col post-item\" >\n\t<div class=\"col-inner\">\n\t\t<div class=\"box box-normal box-text-bottom box-blog-post has-hover\">\n\t\t\t\t\t\t<div class=\"box-image\" >\n\t\t\t\t<div class=\"cap-nhat\"><span>Tin t\u1ee9c<\/span><\/div>\t\t\t\t<div class=\"image-cover\" style=\"padding-top:56.25%;\">\n\t\t\t\t\t<a href=\"https:\/\/xekhachphudong.com\/index.php\/2026\/03\/26\/top-5-dia-diem-du-lich-he-2026-cuc-hot-len-ke-hoach-vi-vu-ngay\/\" class=\"plain\" aria-label=\"Nh\u00e0 Xe Ph\u00f9 \u0110\u1ed5ng: K\u1ebft N\u1ed1i Nam \u0110\u1ecbnh \u2013 Th\u00e1i B\u00ecnh \u2013 H\u1ea3i Ph\u00f2ng \u0110\u1ebfn \u0110\u1ea3o Ng\u1ecdc C\u00e1t B\u00e0\">\n\t\t\t\t\t\t<img loading=\"lazy\" decoding=\"async\" width=\"960\" height=\"1280\" src=\"https:\/\/xekhachphudong.com\/wp-content\/uploads\/2026\/03\/z7673199225136_e623fe2986b9c4b305049d8511d146dc.jpg\" class=\"attachment-2048x2048 size-2048x2048 wp-post-image\" alt=\"\" srcset=\"https:\/\/xekhachphudong.com\/wp-content\/uploads\/2026\/03\/z7673199225136_e623fe2986b9c4b305049d8511d146dc.jpg 960w, https:\/\/xekhachphudong.com\/wp-content\/uploads\/2026\/03\/z7673199225136_e623fe2986b9c4b305049d8511d146dc-225x300.jpg 225w, https:\/\/xekhachphudong.com\/wp-content\/uploads\/2026\/03\/z7673199225136_e623fe2986b9c4b305049d8511d146dc-600x800.jpg 600w, https:\/\/xekhachphudong.com\/wp-content\/uploads\/2026\/03\/z7673199225136_e623fe2986b9c4b305049d8511d146dc-768x1024.jpg 768w\" sizes=\"auto, (max-width: 960px) 100vw, 960px\" \/>\t\t\t\t\t<\/a>\n\t\t\t\t\t\t\t\t\t\t\t\t\t\t<\/div>\n\t\t\t\t\t\t\t<\/div>\n\t\t\t\t\t\t<div class=\"box-text text-left\" >\n\t\t\t\t<div class=\"box-text-inner blog-post-inner\">\n\n\t\t\t\t\t\n\t\t\t\t\t\t\t\t\t\t<h5 class=\"post-title is-large \">\n\t\t\t\t\t\t<a href=\"https:\/\/xekhachphudong.com\/index.php\/2026\/03\/26\/top-5-dia-diem-du-lich-he-2026-cuc-hot-len-ke-hoach-vi-vu-ngay\/\" class=\"plain\">Nh\u00e0 Xe Ph\u00f9 \u0110\u1ed5ng: K\u1ebft N\u1ed1i Nam \u0110\u1ecbnh \u2013 Th\u00e1i B\u00ecnh \u2013 H\u1ea3i Ph\u00f2ng \u0110\u1ebfn \u0110\u1ea3o Ng\u1ecdc C\u00e1t B\u00e0<\/a>\n\t\t\t\t\t<\/h5>\n\t\t\t\t\t<div class=\"post-meta is-small op-8\">26\/03\/2026<\/div>\t\t\t\t\t<div class=\"is-divider\"><\/div>\n\t\t\t\t\t\t\t\t\t\t\n\t\t\t\t\t\t\t\t\t\t<a href=\"https:\/\/xekhachphudong.com\/index.php\/2026\/03\/26\/top-5-dia-diem-du-lich-he-2026-cuc-hot-len-ke-hoach-vi-vu-ngay\/\" class=\"button  is-outline is-small mb-0\">\n\t\t\t\t\t\t\u0110\u1ecdc th\u00eam\t\t\t\t\t<\/a>\n\t\t\t\t\t\n\t\t\t\t\t\n\t\t\t\t<\/div>\n\t\t\t<\/div>\n\t\t\t\t\t<\/div>\n\t<\/div>\n<\/div><div class=\"col post-item\" >\n\t<div class=\"col-inner\">\n\t\t<div class=\"box box-normal box-text-bottom box-blog-post has-hover\">\n\t\t\t\t\t\t<div class=\"box-image\" >\n\t\t\t\t<div class=\"cap-nhat\"><span>Khuy\u1ebfn m\u00e3i<\/span><\/div>\t\t\t\t<div class=\"image-cover\" style=\"padding-top:56.25%;\">\n\t\t\t\t\t<a href=\"https:\/\/xekhachphudong.com\/index.php\/2026\/03\/26\/giam-20-ve-thang-9-cho-hoc-sinh-sinh-vien-tuyen-hai-phong-cat-ba\/\" class=\"plain\" aria-label=\"Ch\u00e0o th\u00e1ng 9 t\u1ef1u tr\u01b0\u1eddng \u2013 Rinh \u01b0u \u0111\u00e3i l\u1edbn c\u00f9ng Xe kh\u00e1ch Ph\u00f9 \u0110\u1ed5ng\">\n\t\t\t\t\t\t<img loading=\"lazy\" decoding=\"async\" width=\"960\" height=\"1280\" src=\"https:\/\/xekhachphudong.com\/wp-content\/uploads\/2026\/03\/z7673199040533_66c570a62f424886439b2fdbb97c215f.jpg\" class=\"attachment-2048x2048 size-2048x2048 wp-post-image\" alt=\"\" srcset=\"https:\/\/xekhachphudong.com\/wp-content\/uploads\/2026\/03\/z7673199040533_66c570a62f424886439b2fdbb97c215f.jpg 960w, https:\/\/xekhachphudong.com\/wp-content\/uploads\/2026\/03\/z7673199040533_66c570a62f424886439b2fdbb97c215f-225x300.jpg 225w, https:\/\/xekhachphudong.com\/wp-content\/uploads\/2026\/03\/z7673199040533_66c570a62f424886439b2fdbb97c215f-600x800.jpg 600w, https:\/\/xekhachphudong.com\/wp-content\/uploads\/2026\/03\/z7673199040533_66c570a62f424886439b2fdbb97c215f-768x1024.jpg 768w\" sizes=\"auto, (max-width: 960px) 100vw, 960px\" \/>\t\t\t\t\t<\/a>\n\t\t\t\t\t\t\t\t\t\t\t\t\t\t<\/div>\n\t\t\t\t\t\t\t<\/div>\n\t\t\t\t\t\t<div class=\"box-text text-left\" >\n\t\t\t\t<div class=\"box-text-inner blog-post-inner\">\n\n\t\t\t\t\t\n\t\t\t\t\t\t\t\t\t\t<h5 class=\"post-title is-large \">\n\t\t\t\t\t\t<a href=\"https:\/\/xekhachphudong.com\/index.php\/2026\/03\/26\/giam-20-ve-thang-9-cho-hoc-sinh-sinh-vien-tuyen-hai-phong-cat-ba\/\" class=\"plain\">Ch\u00e0o th\u00e1ng 9 t\u1ef1u tr\u01b0\u1eddng \u2013 Rinh \u01b0u \u0111\u00e3i l\u1edbn c\u00f9ng Xe kh\u00e1ch Ph\u00f9 \u0110\u1ed5ng<\/a>\n\t\t\t\t\t<\/h5>\n\t\t\t\t\t<div class=\"post-meta is-small op-8\">26\/03\/2026<\/div>\t\t\t\t\t<div class=\"is-divider\"><\/div>\n\t\t\t\t\t\t\t\t\t\t\n\t\t\t\t\t\t\t\t\t\t<a href=\"https:\/\/xekhachphudong.com\/index.php\/2026\/03\/26\/giam-20-ve-thang-9-cho-hoc-sinh-sinh-vien-tuyen-hai-phong-cat-ba\/\" class=\"button  is-outline is-small mb-0\">\n\t\t\t\t\t\t\u0110\u1ecdc th\u00eam\t\t\t\t\t<\/a>\n\t\t\t\t\t\n\t\t\t\t\t\n\t\t\t\t<\/div>\n\t\t\t<\/div>\n\t\t\t\t\t<\/div>\n\t<\/div>\n<\/div><div class=\"col post-item\" >\n\t<div class=\"col-inner\">\n\t\t<div class=\"box box-normal box-text-bottom box-blog-post has-hover\">\n\t\t\t\t\t\t<div class=\"box-image\" >\n\t\t\t\t<div class=\"cap-nhat\"><span>Tin t\u1ee9c<\/span><\/div>\t\t\t\t<div class=\"image-cover\" style=\"padding-top:56.25%;\">\n\t\t\t\t\t<a href=\"https:\/\/xekhachphudong.com\/index.php\/2026\/03\/26\/khai-truong-tuyen-limousine-hai-phong-cat-ba-cao-cap\/\" class=\"plain\" aria-label=\"Nh\u00e0 Xe Ph\u00f9 \u0110\u1ed5ng: Chuy\u00ean Tuy\u1ebfn Limousine &#038; Xe Kh\u00e1ch Nam \u0110\u1ecbnh \u2013 Th\u00e1i B\u00ecnh \u2013 H\u1ea3i Ph\u00f2ng \u2013 C\u00e1t B\u00e0\">\n\t\t\t\t\t\t<img loading=\"lazy\" decoding=\"async\" width=\"960\" height=\"1280\" src=\"https:\/\/xekhachphudong.com\/wp-content\/uploads\/2026\/03\/z7673199046982_75922b0e3cdabeb35aa29249c1666c4e.jpg\" class=\"attachment-2048x2048 size-2048x2048 wp-post-image\" alt=\"\" srcset=\"https:\/\/xekhachphudong.com\/wp-content\/uploads\/2026\/03\/z7673199046982_75922b0e3cdabeb35aa29249c1666c4e.jpg 960w, https:\/\/xekhachphudong.com\/wp-content\/uploads\/2026\/03\/z7673199046982_75922b0e3cdabeb35aa29249c1666c4e-225x300.jpg 225w, https:\/\/xekhachphudong.com\/wp-content\/uploads\/2026\/03\/z7673199046982_75922b0e3cdabeb35aa29249c1666c4e-600x800.jpg 600w, https:\/\/xekhachphudong.com\/wp-content\/uploads\/2026\/03\/z7673199046982_75922b0e3cdabeb35aa29249c1666c4e-768x1024.jpg 768w\" sizes=\"auto, (max-width: 960px) 100vw, 960px\" \/>\t\t\t\t\t<\/a>\n\t\t\t\t\t\t\t\t\t\t\t\t\t\t<\/div>\n\t\t\t\t\t\t\t<\/div>\n\t\t\t\t\t\t<div class=\"box-text text-left\" >\n\t\t\t\t<div class=\"box-text-inner blog-post-inner\">\n\n\t\t\t\t\t\n\t\t\t\t\t\t\t\t\t\t<h5 class=\"post-title is-large \">\n\t\t\t\t\t\t<a href=\"https:\/\/xekhachphudong.com\/index.php\/2026\/03\/26\/khai-truong-tuyen-limousine-hai-phong-cat-ba-cao-cap\/\" class=\"plain\">Nh\u00e0 Xe Ph\u00f9 \u0110\u1ed5ng: Chuy\u00ean Tuy\u1ebfn Limousine &#038; Xe Kh\u00e1ch Nam \u0110\u1ecbnh \u2013 Th\u00e1i B\u00ecnh \u2013 H\u1ea3i Ph\u00f2ng \u2013 C\u00e1t B\u00e0<\/a>\n\t\t\t\t\t<\/h5>\n\t\t\t\t\t<div class=\"post-meta is-small op-8\">26\/03\/2026<\/div>\t\t\t\t\t<div class=\"is-divider\"><\/div>\n\t\t\t\t\t\t\t\t\t\t\n\t\t\t\t\t\t\t\t\t\t<a href=\"https:\/\/xekhachphudong.com\/index.php\/2026\/03\/26\/khai-truong-tuyen-limousine-hai-phong-cat-ba-cao-cap\/\" class=\"button  is-outline is-small mb-0\">\n\t\t\t\t\t\t\u0110\u1ecdc th\u00eam\t\t\t\t\t<\/a>\n\t\t\t\t\t\n\t\t\t\t\t\n\t\t\t\t<\/div>\n\t\t\t<\/div>\n\t\t\t\t\t<\/div>\n\t<\/div>\n<\/div><\/div>\n\t\t<\/div>\n\t\t\t\t\t<\/div>\n\n\t\n<\/div>\n\t\t<\/div>\n\n\t\t\n<style>\n#section_342386420 {\n  padding-top: 30px;\n  padding-bottom: 30px;\n}\n<\/style>\n\t<\/section>\n\t\n\n\t<section class=\"section blogs show-for-small\" id=\"section_1773572640\">\n\t\t<div class=\"section-bg fill\" >\n\t\t\t\t\t\t\t\t\t\n\t\t\t\n\n\t\t<\/div>\n\n\t\t\n\n\t\t<div class=\"section-content relative\">\n\t\t\t\n<div class=\"row\"  id=\"row-1763481520\">\n\n\t<div id=\"col-1166765962\" class=\"col small-12 large-12\"  >\n\t\t\t\t<div class=\"col-inner\"  >\n\t\t\t\n\t\t\t\n<p>Tin t\u1ee9c &amp; \u01afu \u0111\u00e3i<\/p>\n\t\t<\/div>\n\t\t\t\t\t<\/div>\n\n\t\n\n\t<div id=\"col-1816857065\" class=\"col medium-6 small-12 large-6\"  >\n\t\t\t\t<div class=\"col-inner\"  >\n\t\t\t\n\t\t\t\n<h1 class=\"text-3xl md:text-4xl font-bold text-gray-900 tracking-tight\">C\u1eadp nh\u1eadt m\u1edbi nh\u1ea5t<\/h1>\n\t\t<\/div>\n\t\t\t\t\t<\/div>\n\n\t\n\n\t<div id=\"col-487773362\" class=\"col small-12 large-12\"  >\n\t\t\t\t<div class=\"col-inner text-center\"  >\n\t\t\t\n\t\t\t\n\n  \n    <div class=\"row large-columns-3 medium-columns-1 small-columns-1\" >\n  <div class=\"col post-item\" >\n\t<div class=\"col-inner\">\n\t\t<div class=\"box box-normal box-text-bottom box-blog-post has-hover\">\n\t\t\t\t\t\t<div class=\"box-image\" >\n\t\t\t\t<div class=\"cap-nhat\"><span>Tin t\u1ee9c<\/span><\/div>\t\t\t\t<div class=\"image-cover\" style=\"padding-top:56.25%;\">\n\t\t\t\t\t<a href=\"https:\/\/xekhachphudong.com\/index.php\/2026\/03\/26\/top-5-dia-diem-du-lich-he-2026-cuc-hot-len-ke-hoach-vi-vu-ngay\/\" class=\"plain\" aria-label=\"Nh\u00e0 Xe Ph\u00f9 \u0110\u1ed5ng: K\u1ebft N\u1ed1i Nam \u0110\u1ecbnh \u2013 Th\u00e1i B\u00ecnh \u2013 H\u1ea3i Ph\u00f2ng \u0110\u1ebfn \u0110\u1ea3o Ng\u1ecdc C\u00e1t B\u00e0\">\n\t\t\t\t\t\t<img loading=\"lazy\" decoding=\"async\" width=\"960\" height=\"1280\" src=\"https:\/\/xekhachphudong.com\/wp-content\/uploads\/2026\/03\/z7673199225136_e623fe2986b9c4b305049d8511d146dc.jpg\" class=\"attachment-2048x2048 size-2048x2048 wp-post-image\" alt=\"\" srcset=\"https:\/\/xekhachphudong.com\/wp-content\/uploads\/2026\/03\/z7673199225136_e623fe2986b9c4b305049d8511d146dc.jpg 960w, https:\/\/xekhachphudong.com\/wp-content\/uploads\/2026\/03\/z7673199225136_e623fe2986b9c4b305049d8511d146dc-225x300.jpg 225w, https:\/\/xekhachphudong.com\/wp-content\/uploads\/2026\/03\/z7673199225136_e623fe2986b9c4b305049d8511d146dc-600x800.jpg 600w, https:\/\/xekhachphudong.com\/wp-content\/uploads\/2026\/03\/z7673199225136_e623fe2986b9c4b305049d8511d146dc-768x1024.jpg 768w\" sizes=\"auto, (max-width: 960px) 100vw, 960px\" \/>\t\t\t\t\t<\/a>\n\t\t\t\t\t\t\t\t\t\t\t\t\t\t<\/div>\n\t\t\t\t\t\t\t<\/div>\n\t\t\t\t\t\t<div class=\"box-text text-left\" >\n\t\t\t\t<div class=\"box-text-inner blog-post-inner\">\n\n\t\t\t\t\t\n\t\t\t\t\t\t\t\t\t\t<h5 class=\"post-title is-large \">\n\t\t\t\t\t\t<a href=\"https:\/\/xekhachphudong.com\/index.php\/2026\/03\/26\/top-5-dia-diem-du-lich-he-2026-cuc-hot-len-ke-hoach-vi-vu-ngay\/\" class=\"plain\">Nh\u00e0 Xe Ph\u00f9 \u0110\u1ed5ng: K\u1ebft N\u1ed1i Nam \u0110\u1ecbnh \u2013 Th\u00e1i B\u00ecnh \u2013 H\u1ea3i Ph\u00f2ng \u0110\u1ebfn \u0110\u1ea3o Ng\u1ecdc C\u00e1t B\u00e0<\/a>\n\t\t\t\t\t<\/h5>\n\t\t\t\t\t<div class=\"post-meta is-small op-8\">26\/03\/2026<\/div>\t\t\t\t\t<div class=\"is-divider\"><\/div>\n\t\t\t\t\t\t\t\t\t\t\n\t\t\t\t\t\t\t\t\t\t<a href=\"https:\/\/xekhachphudong.com\/index.php\/2026\/03\/26\/top-5-dia-diem-du-lich-he-2026-cuc-hot-len-ke-hoach-vi-vu-ngay\/\" class=\"button  is-outline is-small mb-0\">\n\t\t\t\t\t\t\u0110\u1ecdc th\u00eam\t\t\t\t\t<\/a>\n\t\t\t\t\t\n\t\t\t\t\t\n\t\t\t\t<\/div>\n\t\t\t<\/div>\n\t\t\t\t\t<\/div>\n\t<\/div>\n<\/div><div class=\"col post-item\" >\n\t<div class=\"col-inner\">\n\t\t<div class=\"box box-normal box-text-bottom box-blog-post has-hover\">\n\t\t\t\t\t\t<div class=\"box-image\" >\n\t\t\t\t<div class=\"cap-nhat\"><span>Khuy\u1ebfn m\u00e3i<\/span><\/div>\t\t\t\t<div class=\"image-cover\" style=\"padding-top:56.25%;\">\n\t\t\t\t\t<a href=\"https:\/\/xekhachphudong.com\/index.php\/2026\/03\/26\/giam-20-ve-thang-9-cho-hoc-sinh-sinh-vien-tuyen-hai-phong-cat-ba\/\" class=\"plain\" aria-label=\"Ch\u00e0o th\u00e1ng 9 t\u1ef1u tr\u01b0\u1eddng \u2013 Rinh \u01b0u \u0111\u00e3i l\u1edbn c\u00f9ng Xe kh\u00e1ch Ph\u00f9 \u0110\u1ed5ng\">\n\t\t\t\t\t\t<img loading=\"lazy\" decoding=\"async\" width=\"960\" height=\"1280\" src=\"https:\/\/xekhachphudong.com\/wp-content\/uploads\/2026\/03\/z7673199040533_66c570a62f424886439b2fdbb97c215f.jpg\" class=\"attachment-2048x2048 size-2048x2048 wp-post-image\" alt=\"\" srcset=\"https:\/\/xekhachphudong.com\/wp-content\/uploads\/2026\/03\/z7673199040533_66c570a62f424886439b2fdbb97c215f.jpg 960w, https:\/\/xekhachphudong.com\/wp-content\/uploads\/2026\/03\/z7673199040533_66c570a62f424886439b2fdbb97c215f-225x300.jpg 225w, https:\/\/xekhachphudong.com\/wp-content\/uploads\/2026\/03\/z7673199040533_66c570a62f424886439b2fdbb97c215f-600x800.jpg 600w, https:\/\/xekhachphudong.com\/wp-content\/uploads\/2026\/03\/z7673199040533_66c570a62f424886439b2fdbb97c215f-768x1024.jpg 768w\" sizes=\"auto, (max-width: 960px) 100vw, 960px\" \/>\t\t\t\t\t<\/a>\n\t\t\t\t\t\t\t\t\t\t\t\t\t\t<\/div>\n\t\t\t\t\t\t\t<\/div>\n\t\t\t\t\t\t<div class=\"box-text text-left\" >\n\t\t\t\t<div class=\"box-text-inner blog-post-inner\">\n\n\t\t\t\t\t\n\t\t\t\t\t\t\t\t\t\t<h5 class=\"post-title is-large \">\n\t\t\t\t\t\t<a href=\"https:\/\/xekhachphudong.com\/index.php\/2026\/03\/26\/giam-20-ve-thang-9-cho-hoc-sinh-sinh-vien-tuyen-hai-phong-cat-ba\/\" class=\"plain\">Ch\u00e0o th\u00e1ng 9 t\u1ef1u tr\u01b0\u1eddng \u2013 Rinh \u01b0u \u0111\u00e3i l\u1edbn c\u00f9ng Xe kh\u00e1ch Ph\u00f9 \u0110\u1ed5ng<\/a>\n\t\t\t\t\t<\/h5>\n\t\t\t\t\t<div class=\"post-meta is-small op-8\">26\/03\/2026<\/div>\t\t\t\t\t<div class=\"is-divider\"><\/div>\n\t\t\t\t\t\t\t\t\t\t\n\t\t\t\t\t\t\t\t\t\t<a href=\"https:\/\/xekhachphudong.com\/index.php\/2026\/03\/26\/giam-20-ve-thang-9-cho-hoc-sinh-sinh-vien-tuyen-hai-phong-cat-ba\/\" class=\"button  is-outline is-small mb-0\">\n\t\t\t\t\t\t\u0110\u1ecdc th\u00eam\t\t\t\t\t<\/a>\n\t\t\t\t\t\n\t\t\t\t\t\n\t\t\t\t<\/div>\n\t\t\t<\/div>\n\t\t\t\t\t<\/div>\n\t<\/div>\n<\/div><div class=\"col post-item\" >\n\t<div class=\"col-inner\">\n\t\t<div class=\"box box-normal box-text-bottom box-blog-post has-hover\">\n\t\t\t\t\t\t<div class=\"box-image\" >\n\t\t\t\t<div class=\"cap-nhat\"><span>Tin t\u1ee9c<\/span><\/div>\t\t\t\t<div class=\"image-cover\" style=\"padding-top:56.25%;\">\n\t\t\t\t\t<a href=\"https:\/\/xekhachphudong.com\/index.php\/2026\/03\/26\/khai-truong-tuyen-limousine-hai-phong-cat-ba-cao-cap\/\" class=\"plain\" aria-label=\"Nh\u00e0 Xe Ph\u00f9 \u0110\u1ed5ng: Chuy\u00ean Tuy\u1ebfn Limousine &#038; Xe Kh\u00e1ch Nam \u0110\u1ecbnh \u2013 Th\u00e1i B\u00ecnh \u2013 H\u1ea3i Ph\u00f2ng \u2013 C\u00e1t B\u00e0\">\n\t\t\t\t\t\t<img loading=\"lazy\" decoding=\"async\" width=\"960\" height=\"1280\" src=\"https:\/\/xekhachphudong.com\/wp-content\/uploads\/2026\/03\/z7673199046982_75922b0e3cdabeb35aa29249c1666c4e.jpg\" class=\"attachment-2048x2048 size-2048x2048 wp-post-image\" alt=\"\" srcset=\"https:\/\/xekhachphudong.com\/wp-content\/uploads\/2026\/03\/z7673199046982_75922b0e3cdabeb35aa29249c1666c4e.jpg 960w, https:\/\/xekhachphudong.com\/wp-content\/uploads\/2026\/03\/z7673199046982_75922b0e3cdabeb35aa29249c1666c4e-225x300.jpg 225w, https:\/\/xekhachphudong.com\/wp-content\/uploads\/2026\/03\/z7673199046982_75922b0e3cdabeb35aa29249c1666c4e-600x800.jpg 600w, https:\/\/xekhachphudong.com\/wp-content\/uploads\/2026\/03\/z7673199046982_75922b0e3cdabeb35aa29249c1666c4e-768x1024.jpg 768w\" sizes=\"auto, (max-width: 960px) 100vw, 960px\" \/>\t\t\t\t\t<\/a>\n\t\t\t\t\t\t\t\t\t\t\t\t\t\t<\/div>\n\t\t\t\t\t\t\t<\/div>\n\t\t\t\t\t\t<div class=\"box-text text-left\" >\n\t\t\t\t<div class=\"box-text-inner blog-post-inner\">\n\n\t\t\t\t\t\n\t\t\t\t\t\t\t\t\t\t<h5 class=\"post-title is-large \">\n\t\t\t\t\t\t<a href=\"https:\/\/xekhachphudong.com\/index.php\/2026\/03\/26\/khai-truong-tuyen-limousine-hai-phong-cat-ba-cao-cap\/\" class=\"plain\">Nh\u00e0 Xe Ph\u00f9 \u0110\u1ed5ng: Chuy\u00ean Tuy\u1ebfn Limousine &#038; Xe Kh\u00e1ch Nam \u0110\u1ecbnh \u2013 Th\u00e1i B\u00ecnh \u2013 H\u1ea3i Ph\u00f2ng \u2013 C\u00e1t B\u00e0<\/a>\n\t\t\t\t\t<\/h5>\n\t\t\t\t\t<div class=\"post-meta is-small op-8\">26\/03\/2026<\/div>\t\t\t\t\t<div class=\"is-divider\"><\/div>\n\t\t\t\t\t\t\t\t\t\t\n\t\t\t\t\t\t\t\t\t\t<a href=\"https:\/\/xekhachphudong.com\/index.php\/2026\/03\/26\/khai-truong-tuyen-limousine-hai-phong-cat-ba-cao-cap\/\" class=\"button  is-outline is-small mb-0\">\n\t\t\t\t\t\t\u0110\u1ecdc th\u00eam\t\t\t\t\t<\/a>\n\t\t\t\t\t\n\t\t\t\t\t\n\t\t\t\t<\/div>\n\t\t\t<\/div>\n\t\t\t\t\t<\/div>\n\t<\/div>\n<\/div><\/div>\n<a href=\"index.php\/tin-tuc\/\" class=\"button alert is-link lowercase\"  >\n\t\t<span>Xem t\u1ea5t c\u1ea3<\/span>\n\t<\/a>\n\n\t\t<\/div>\n\t\t\t\t\t<\/div>\n\n\t\n<\/div>\n\t\t<\/div>\n\n\t\t\n<style>\n#section_1773572640 {\n  padding-top: 30px;\n  padding-bottom: 30px;\n}\n<\/style>\n\t<\/section>\n\t\n","protected":false},"excerpt":{"rendered":"","protected":false},"author":1,"featured_media":0,"parent":0,"menu_order":0,"comment_status":"closed","ping_status":"closed","template":"page-blank.php","meta":{"_acf_changed":false,"footnotes":""},"class_list":["post-22","page","type-page","status-publish","hentry"],"acf":[],"_links":{"self":[{"href":"https:\/\/xekhachphudong.com\/index.php\/wp-json\/wp\/v2\/pages\/22","targetHints":{"allow":["GET"]}}],"collection":[{"href":"https:\/\/xekhachphudong.com\/index.php\/wp-json\/wp\/v2\/pages"}],"about":[{"href":"https:\/\/xekhachphudong.com\/index.php\/wp-json\/wp\/v2\/types\/page"}],"author":[{"embeddable":true,"href":"https:\/\/xekhachphudong.com\/index.php\/wp-json\/wp\/v2\/users\/1"}],"replies":[{"embeddable":true,"href":"https:\/\/xekhachphudong.com\/index.php\/wp-json\/wp\/v2\/comments?post=22"}],"version-history":[{"count":14,"href":"https:\/\/xekhachphudong.com\/index.php\/wp-json\/wp\/v2\/pages\/22\/revisions"}],"predecessor-version":[{"id":268,"href":"https:\/\/xekhachphudong.com\/index.php\/wp-json\/wp\/v2\/pages\/22\/revisions\/268"}],"wp:attachment":[{"href":"https:\/\/xekhachphudong.com\/index.php\/wp-json\/wp\/v2\/media?parent=22"}],"curies":[{"name":"wp","href":"https:\/\/api.w.org\/{rel}","templated":true}]}}